{"id":2,"date":"2014-08-03T00:04:00","date_gmt":"2014-08-03T00:04:00","guid":{"rendered":"http:\/\/psicologia.uy\/gabo\/?page_id=2"},"modified":"2023-12-19T15:43:03","modified_gmt":"2023-12-19T15:43:03","slug":"pagina-ejemplo","status":"publish","type":"page","link":"http:\/\/psicologia.uy\/gabo\/","title":{"rendered":"Presentaci\u00f3n."},"content":{"rendered":"<p><img fetchpriority=\"high\" decoding=\"async\" class=\"size-medium wp-image-12 alignleft\" src=\"http:\/\/psicologia.uy\/gabo\/wp-content\/uploads\/sites\/3\/2017\/08\/Gabriel-BN-225x300.jpg\" alt=\"\" width=\"225\" height=\"300\" srcset=\"http:\/\/psicologia.uy\/gabo\/wp-content\/uploads\/sites\/3\/2017\/08\/Gabriel-BN-225x300.jpg 225w, http:\/\/psicologia.uy\/gabo\/wp-content\/uploads\/sites\/3\/2017\/08\/Gabriel-BN-768x1024.jpg 768w, http:\/\/psicologia.uy\/gabo\/wp-content\/uploads\/sites\/3\/2017\/08\/Gabriel-BN.jpg 1932w\" sizes=\"(max-width: 225px) 100vw, 225px\" \/>Mi nombre es Gabriel Castro, resido en Montevideo y soy psic\u00f3logo con formaci\u00f3n en psicoterapia sist\u00e9mica, adicciones, sexolog\u00eda y g\u00e9nero. Soy <strong>Magister en Psicolog\u00eda Cl\u00ednica<\/strong> por la Facultad de Psicolog\u00eda de la Universidad de la Rep\u00fablica (Montevideo, Uruguay), con trabajo de tesis centrado en g\u00e9nero y \u00a0consumo de sustancias psicoactivas. Tambi\u00e9n soy <strong>Sex\u00f3logo Cl\u00ednico<\/strong> egresado de la Sociedad Uruguaya de Sexolog\u00eda (SUS).<\/p>\n<p>Entre otras actividades trabajo \u00a0como \u00a0psic\u00f3logo (Prof. Adj.) integrando el equipo t\u00e9cnico de la UCVAD (UdelaR), Unidad responsable de \u00a0evaluar, prevenir e intervenir en circunstancias de violencia, acoso sexual, laboral y discriminaci\u00f3n en el \u00e1mbito de la Universidad de la Rep\u00fablica, y en tareas similares en el Equipo T\u00e9cnico que se encarga del tratamiento de esta tem\u00e1tica para el \u00e1rea de Tecnolog\u00edas y Cs de la Naturaleza y el H\u00e1bitat de la UdelaR. Soy psicoterapeuta en <a href=\"http:\/\/www.psi.uy\">www.psi.uy<\/a>\u00a0(Parque Rod\u00f3, Montevideo) desde un <em>enfoque sist\u00e9mico integrativo, <\/em>y psicoterapeuta externo en Mutualista Cosem (<a href=\"http:\/\/www.cosem.com.uy\">www.cosem.com.uy<\/a>) , en MP Medicina Personalizada (<a href=\"http:\/\/www.mp.com.uy\">www.mp.com.uy<\/a>) .<\/p>\n<h5><strong>Algunas \u00c1reas de trabajo:<\/strong><\/h5>\n<ul>\n<li>Psicoterapia de adultos, j\u00f3venes y adolescentes<\/li>\n<li>Psicoterapia de pareja y familia<\/li>\n<li><em>Hipnosis cl\u00ednica<\/em>: ansiedad, depresi\u00f3n, autoimagen, etc.<\/li>\n<li>Sexolog\u00eda, sexualidad: disfunciones sexuales, psicoeducaci\u00f3n sexual, etc.<\/li>\n<li>Masculinidades, violencia, VBG<\/li>\n<li>Psicoterapia de consumo problem\u00e1tico de sustancias<\/li>\n<li>Trastornos de conducta alimentaria<\/li>\n<li>Evaluaci\u00f3n psicot\u00e9cnica para porte y tenencia de armas (THATA), evaluaci\u00f3n psicot\u00e9cnica ingreso Escuela de Polic\u00eda; evaluaci\u00f3n psicolaboral<\/li>\n<\/ul>\n<h5><strong>Actividad profesional actual:<\/strong><\/h5>\n<ul>\n<li><b>Psic\u00f3logo en equipo t\u00e9cnico interdisciplinario UCVAD (UdelaR).\u00a0<\/b>\u00a0Evaluaci\u00f3n psicol\u00f3gica e intervenci\u00f3n ante situaciones de violencia, acoso sexual, laboral, o discriminaci\u00f3n\u00a0en el \u00e1mbito laboral y\/o educativo de UDELAR. Desarrollo e implementaci\u00f3n de actividades de prevenci\u00f3n.<b> (Prof. Adjunto, Grado 3).<\/b><\/li>\n<li>Psic\u00f3logo en Equipo T\u00e9cnico sobre Violencia, Acoso y Discriminaci\u00f3n del \u00c1rea de Tecnolog\u00edas y Ciencias de la Naturaleza y el H\u00e1bitat, UdelaR. <b> (Prof. Adjunto, Grado 3).<\/b><\/li>\n<li><strong>Psicoterapeuta en Centro Psi<\/strong> (<a href=\"http:\/\/www.psi.uy\">www.psi.uy<\/a>): terapia individual de adolescentes, adultos, personas adultas mayores, y de pareja.<\/li>\n<li><b>Psicoterapeuta: Mutualista Cosem\u00a0<\/b>(www.cosem.com.uy): Psicoterapia a adolescentes, adultos y adultos mayores\u00a0(pacientes externos y convenio BROU).<\/li>\n<li><b>Psicoterapeuta: MP Medicina Personalizada <\/b>(www.mp.com.uy): Psicoterapia a adolescentes, adultos y adultos mayores con derivaci\u00f3n de psiquiatra o m\u00e9dico general.<\/li>\n<\/ul>\n<h5><strong>Actividad anterior reciente:<\/strong><\/h5>\n<ul>\n<li><strong>Docente (Asistente, Grado 2)<\/strong>, CIEn, Espacio Interdisciplinario, UdelaR.<\/li>\n<li><strong>Docente\u00a0(Ayudante, Grado 1),<\/strong> Facultad de Psicolog\u00eda, UdelaR<\/li>\n<li><b>Coordinador Centro Rondeau &#8211; Dianova <\/b>(www.dianovauruguay.org) <em>Coordinaci\u00f3n t\u00e9cnica e integral de Centro de tratamiento<\/em> en modalidades residencial, diurno y ambulatorio, dirigido a adolescentes que presentan problemas derivados del consumo de sustancias psicoactivas (en convenio con INAU). Al frente de un equipo interdisciplinario integrado por educadores, trabajador@s sociales, psic\u00f3logas, psiquiatra, enfermer\u00eda, y personal de apoyo.<\/li>\n<li>Integrante\u00a0 del equipo psicoterap\u00e9utico del Departamento de Psicoterapia, Hospital de Cl\u00ednicas.<\/li>\n<\/ul>\n<h5><strong>Formaci\u00f3n (s\u00edntesis):<\/strong><\/h5>\n<ul>\n<li><strong>Licenciado en Psicolog\u00eda (Fac. de Psicolog\u00eda, Universidad de la Rep\u00fablica).<\/strong><\/li>\n<li><strong>Magister en Psicolog\u00eda Cl\u00ednica (Fac. de Psicolog\u00eda, Universidad de la Rep\u00fablica).<\/strong><\/li>\n<li><strong>Diplomado en G\u00e9nero y Pol\u00edticas de Igualdad (FLACSO)<\/strong><\/li>\n<li><strong>Sex\u00f3logo cl\u00ednico (Sociedad Uruguaya de Sexolog\u00eda)<\/strong><\/li>\n<li><strong>Diplomado en Terapia Sist\u00e9mica de Parejas (ISDEBA-Universidad de Flores, Buenos Aires).<\/strong><\/li>\n<li>Posgraduado\u00a0en Habilidades Gerenciales (UDE).<\/li>\n<li>Formaci\u00f3n en Psicopatolog\u00eda y Psicodin\u00e1mica del Trabajo.<\/li>\n<li>Formaci\u00f3n en victimolog\u00eda, Violencia Basada en G\u00e9nero, Masculinidades y salud mental<\/li>\n<li>Operador Terap\u00e9utico en Adicciones (Centro Aconcagua). Formaci\u00f3n reconocida por la Federaci\u00f3n Latinoamericana de Comunidades Terap\u00e9uticas (FLACSO) y la Federaci\u00f3n Uruguaya de Comunidades Terap\u00e9uticas (FUCOT)<\/li>\n<li>Formaci\u00f3n en Intervenci\u00f3n con menores en situaci\u00f3n de riesgo en el \u00e1mbito de la prevenci\u00f3n de drogodependencias y otras adicciones. <i>Asociaci\u00f3n Proyecto Hombre.<\/i><\/li>\n<li>Formaci\u00f3n en M\u00e9todo Fotolenguaje, mediaci\u00f3n terap\u00e9utica en peque\u00f1os grupos.\u00a0APPIA, Departamento de Fotolenguaje.<\/li>\n<\/ul>\n","protected":false},"excerpt":{"rendered":"<p>Mi nombre es Gabriel Castro, resido en Montevideo y soy psic\u00f3logo con formaci\u00f3n en psicoterapia sist\u00e9mica, adicciones, sexolog\u00eda y g\u00e9nero. Soy Magister en Psicolog\u00eda Cl\u00ednica por la Facultad de Psicolog\u00eda de la Universidad de la Rep\u00fablica (Montevideo, Uruguay), con trabajo de tesis centrado en g\u00e9nero y \u00a0consumo de sustancias psicoactivas. Tambi\u00e9n soy Sex\u00f3logo Cl\u00ednico egresado &hellip; <\/p>\n<p class=\"link-more\"><a href=\"http:\/\/psicologia.uy\/gabo\/\" class=\"more-link\">Continuar leyendo<span class=\"screen-reader-text\"> \u00abPresentaci\u00f3n.\u00bb<\/span><\/a><\/p>\n","protected":false},"author":2,"featured_media":0,"parent":0,"menu_order":0,"comment_status":"closed","ping_status":"open","template":"","meta":{"footnotes":""},"class_list":["post-2","page","type-page","status-publish","hentry"],"yoast_head":"<!-- This site is optimized with the Yoast SEO plugin v27.6 - https:\/\/yoast.com\/product\/yoast-seo-wordpress\/ -->\n<title>Presentaci\u00f3n. - Mag. Psic. Gabriel Castro Aguilera<\/title>\n<meta name=\"robots\" content=\"index, follow, max-snippet:-1, max-image-preview:large, max-video-preview:-1\" \/>\n<link rel=\"canonical\" href=\"https:\/\/psicologia.uy\/gabo\/\" \/>\n<meta property=\"og:locale\" content=\"es_ES\" \/>\n<meta property=\"og:type\" content=\"article\" \/>\n<meta property=\"og:title\" content=\"Presentaci\u00f3n. - Mag. Psic. Gabriel Castro Aguilera\" \/>\n<meta property=\"og:description\" content=\"Mi nombre es Gabriel Castro, resido en Montevideo y soy psic\u00f3logo con formaci\u00f3n en psicoterapia sist\u00e9mica, adicciones, sexolog\u00eda y g\u00e9nero. Soy Magister en Psicolog\u00eda Cl\u00ednica por la Facultad de Psicolog\u00eda de la Universidad de la Rep\u00fablica (Montevideo, Uruguay), con trabajo de tesis centrado en g\u00e9nero y \u00a0consumo de sustancias psicoactivas. Tambi\u00e9n soy Sex\u00f3logo Cl\u00ednico egresado &hellip; Continuar leyendo &quot;Presentaci\u00f3n.&quot;\" \/>\n<meta property=\"og:url\" content=\"https:\/\/psicologia.uy\/gabo\/\" \/>\n<meta property=\"og:site_name\" content=\"Mag. Psic. Gabriel Castro Aguilera\" \/>\n<meta property=\"article:modified_time\" content=\"2023-12-19T15:43:03+00:00\" \/>\n<meta property=\"og:image\" content=\"http:\/\/psicologia.uy\/gabo\/wp-content\/uploads\/sites\/3\/2017\/08\/Gabriel-BN-225x300.jpg\" \/>\n<meta name=\"twitter:card\" content=\"summary_large_image\" \/>\n<meta name=\"twitter:label1\" content=\"Tiempo de lectura\" \/>\n\t<meta name=\"twitter:data1\" content=\"3 minutos\" \/>\n<script type=\"application\/ld+json\" class=\"yoast-schema-graph\">{\"@context\":\"https:\\\/\\\/schema.org\",\"@graph\":[{\"@type\":\"WebPage\",\"@id\":\"https:\\\/\\\/psicologia.uy\\\/gabo\\\/\",\"url\":\"https:\\\/\\\/psicologia.uy\\\/gabo\\\/\",\"name\":\"Presentaci\u00f3n. - Mag. Psic. Gabriel Castro Aguilera\",\"isPartOf\":{\"@id\":\"https:\\\/\\\/psicologia.uy\\\/gabo\\\/#website\"},\"primaryImageOfPage\":{\"@id\":\"https:\\\/\\\/psicologia.uy\\\/gabo\\\/#primaryimage\"},\"image\":{\"@id\":\"https:\\\/\\\/psicologia.uy\\\/gabo\\\/#primaryimage\"},\"thumbnailUrl\":\"http:\\\/\\\/psicologia.uy\\\/gabo\\\/wp-content\\\/uploads\\\/sites\\\/3\\\/2017\\\/08\\\/Gabriel-BN-225x300.jpg\",\"datePublished\":\"2014-08-03T00:04:00+00:00\",\"dateModified\":\"2023-12-19T15:43:03+00:00\",\"breadcrumb\":{\"@id\":\"https:\\\/\\\/psicologia.uy\\\/gabo\\\/#breadcrumb\"},\"inLanguage\":\"es\",\"potentialAction\":[{\"@type\":\"ReadAction\",\"target\":[\"https:\\\/\\\/psicologia.uy\\\/gabo\\\/\"]}]},{\"@type\":\"ImageObject\",\"inLanguage\":\"es\",\"@id\":\"https:\\\/\\\/psicologia.uy\\\/gabo\\\/#primaryimage\",\"url\":\"http:\\\/\\\/psicologia.uy\\\/gabo\\\/wp-content\\\/uploads\\\/sites\\\/3\\\/2017\\\/08\\\/Gabriel-BN.jpg\",\"contentUrl\":\"http:\\\/\\\/psicologia.uy\\\/gabo\\\/wp-content\\\/uploads\\\/sites\\\/3\\\/2017\\\/08\\\/Gabriel-BN.jpg\",\"width\":1932,\"height\":2576},{\"@type\":\"BreadcrumbList\",\"@id\":\"https:\\\/\\\/psicologia.uy\\\/gabo\\\/#breadcrumb\",\"itemListElement\":[{\"@type\":\"ListItem\",\"position\":1,\"name\":\"Portada\",\"item\":\"https:\\\/\\\/psicologia.uy\\\/gabo\\\/\"},{\"@type\":\"ListItem\",\"position\":2,\"name\":\"Presentaci\u00f3n.\"}]},{\"@type\":\"WebSite\",\"@id\":\"https:\\\/\\\/psicologia.uy\\\/gabo\\\/#website\",\"url\":\"https:\\\/\\\/psicologia.uy\\\/gabo\\\/\",\"name\":\"Mag. Psic. Gabriel Castro Aguilera\",\"description\":\"\",\"potentialAction\":[{\"@type\":\"SearchAction\",\"target\":{\"@type\":\"EntryPoint\",\"urlTemplate\":\"https:\\\/\\\/psicologia.uy\\\/gabo\\\/?s={search_term_string}\"},\"query-input\":{\"@type\":\"PropertyValueSpecification\",\"valueRequired\":true,\"valueName\":\"search_term_string\"}}],\"inLanguage\":\"es\"}]}<\/script>\n<!-- \/ Yoast SEO plugin. -->","yoast_head_json":{"title":"Presentaci\u00f3n. - Mag. Psic. Gabriel Castro Aguilera","robots":{"index":"index","follow":"follow","max-snippet":"max-snippet:-1","max-image-preview":"max-image-preview:large","max-video-preview":"max-video-preview:-1"},"canonical":"https:\/\/psicologia.uy\/gabo\/","og_locale":"es_ES","og_type":"article","og_title":"Presentaci\u00f3n. - Mag. Psic. Gabriel Castro Aguilera","og_description":"Mi nombre es Gabriel Castro, resido en Montevideo y soy psic\u00f3logo con formaci\u00f3n en psicoterapia sist\u00e9mica, adicciones, sexolog\u00eda y g\u00e9nero. Soy Magister en Psicolog\u00eda Cl\u00ednica por la Facultad de Psicolog\u00eda de la Universidad de la Rep\u00fablica (Montevideo, Uruguay), con trabajo de tesis centrado en g\u00e9nero y \u00a0consumo de sustancias psicoactivas. Tambi\u00e9n soy Sex\u00f3logo Cl\u00ednico egresado &hellip; Continuar leyendo \"Presentaci\u00f3n.\"","og_url":"https:\/\/psicologia.uy\/gabo\/","og_site_name":"Mag. Psic. Gabriel Castro Aguilera","article_modified_time":"2023-12-19T15:43:03+00:00","og_image":[{"url":"http:\/\/psicologia.uy\/gabo\/wp-content\/uploads\/sites\/3\/2017\/08\/Gabriel-BN-225x300.jpg","type":"","width":"","height":""}],"twitter_card":"summary_large_image","twitter_misc":{"Tiempo de lectura":"3 minutos"},"schema":{"@context":"https:\/\/schema.org","@graph":[{"@type":"WebPage","@id":"https:\/\/psicologia.uy\/gabo\/","url":"https:\/\/psicologia.uy\/gabo\/","name":"Presentaci\u00f3n. - Mag. Psic. Gabriel Castro Aguilera","isPartOf":{"@id":"https:\/\/psicologia.uy\/gabo\/#website"},"primaryImageOfPage":{"@id":"https:\/\/psicologia.uy\/gabo\/#primaryimage"},"image":{"@id":"https:\/\/psicologia.uy\/gabo\/#primaryimage"},"thumbnailUrl":"http:\/\/psicologia.uy\/gabo\/wp-content\/uploads\/sites\/3\/2017\/08\/Gabriel-BN-225x300.jpg","datePublished":"2014-08-03T00:04:00+00:00","dateModified":"2023-12-19T15:43:03+00:00","breadcrumb":{"@id":"https:\/\/psicologia.uy\/gabo\/#breadcrumb"},"inLanguage":"es","potentialAction":[{"@type":"ReadAction","target":["https:\/\/psicologia.uy\/gabo\/"]}]},{"@type":"ImageObject","inLanguage":"es","@id":"https:\/\/psicologia.uy\/gabo\/#primaryimage","url":"http:\/\/psicologia.uy\/gabo\/wp-content\/uploads\/sites\/3\/2017\/08\/Gabriel-BN.jpg","contentUrl":"http:\/\/psicologia.uy\/gabo\/wp-content\/uploads\/sites\/3\/2017\/08\/Gabriel-BN.jpg","width":1932,"height":2576},{"@type":"BreadcrumbList","@id":"https:\/\/psicologia.uy\/gabo\/#breadcrumb","itemListElement":[{"@type":"ListItem","position":1,"name":"Portada","item":"https:\/\/psicologia.uy\/gabo\/"},{"@type":"ListItem","position":2,"name":"Presentaci\u00f3n."}]},{"@type":"WebSite","@id":"https:\/\/psicologia.uy\/gabo\/#website","url":"https:\/\/psicologia.uy\/gabo\/","name":"Mag. Psic. Gabriel Castro Aguilera","description":"","potentialAction":[{"@type":"SearchAction","target":{"@type":"EntryPoint","urlTemplate":"https:\/\/psicologia.uy\/gabo\/?s={search_term_string}"},"query-input":{"@type":"PropertyValueSpecification","valueRequired":true,"valueName":"search_term_string"}}],"inLanguage":"es"}]}},"_links":{"self":[{"href":"http:\/\/psicologia.uy\/gabo\/wp-json\/wp\/v2\/pages\/2","targetHints":{"allow":["GET"]}}],"collection":[{"href":"http:\/\/psicologia.uy\/gabo\/wp-json\/wp\/v2\/pages"}],"about":[{"href":"http:\/\/psicologia.uy\/gabo\/wp-json\/wp\/v2\/types\/page"}],"author":[{"embeddable":true,"href":"http:\/\/psicologia.uy\/gabo\/wp-json\/wp\/v2\/users\/2"}],"replies":[{"embeddable":true,"href":"http:\/\/psicologia.uy\/gabo\/wp-json\/wp\/v2\/comments?post=2"}],"version-history":[{"count":57,"href":"http:\/\/psicologia.uy\/gabo\/wp-json\/wp\/v2\/pages\/2\/revisions"}],"predecessor-version":[{"id":129,"href":"http:\/\/psicologia.uy\/gabo\/wp-json\/wp\/v2\/pages\/2\/revisions\/129"}],"wp:attachment":[{"href":"http:\/\/psicologia.uy\/gabo\/wp-json\/wp\/v2\/media?parent=2"}],"curies":[{"name":"wp","href":"https:\/\/api.w.org\/{rel}","templated":true}]}}